{"id":453,"date":"2019-02-03T15:05:53","date_gmt":"2019-02-03T14:05:53","guid":{"rendered":"http:\/\/asbl-cocmes-jette.be\/?page_id=453"},"modified":"2019-02-03T18:48:32","modified_gmt":"2019-02-03T17:48:32","slug":"histoire","status":"publish","type":"page","link":"http:\/\/asbl-cocmes-jette.be\/index.php\/histoire\/","title":{"rendered":"Histoire"},"content":{"rendered":"<h4><strong><span style=\"color: #3366ff;\"><u>LES 40 ANS DU C.O.C.M.E.S. JETTE<\/u><\/span><\/strong><\/h4>\n<p style=\"text-align: left;\"><span style=\"color: #3366ff;\">Me r\u00e9f\u00e9rant aux articles \u00e9crits par Jacques De Meurichy et publi\u00e9s fin 1988 dans les n\u00b0 2 et 4 du mensuel \u00ab\u00a0Cocmes Jette\u00a0\u00bb qui deviendra un an plus tard le \u00ab\u00a0Cocmes Info\u00a0\u00bb, il est clair que les origines de notre championnat aujourd\u2019hui quarantenaire trouvent ses racines au sein de l\u2019administration communale de l\u2019\u00e9poque.<\/span><br \/>\n<span style=\"color: #3366ff;\">C\u2019est en effet en 1974 qu\u2019un fonctionnaire jettois prit l\u2019initiative de contacter Mr Lanhove, alors \u00e9chevin des Sports, afin de promouvoir la cr\u00e9ation et le d\u00e9veloppement d\u2019une comp\u00e9tition jettoise de mini-foot.<\/span><br \/>\n<span style=\"color: #3366ff;\">Succ\u00e8s imm\u00e9diat puisqu\u2019il ne fallut pas 2 ans pour rassembler une douzaine d\u2019\u00e9quipes, parmi lesquelles on peut citer \u00ab\u00a0Amicale jettoise\u00a0\u00bb, \u00ab\u00a0Conquistador\u00a0\u00bb, \u00ab\u00a0Diables Mauves\u00a0\u00bb, \u00ab\u00a0St-Pierre Blanc\u00a0\u00bb\u00a0, \u00ab\u00a0St-Pierre Vert\u00a0\u00bb et \u00ab\u00a0Schoolboys\u00a0\u00bb.<\/span><br \/>\n<span style=\"color: #3366ff;\">Les premi\u00e8res r\u00e9unions de cette association anonyme se tenaient \u00e0 l\u2019H\u00f4tel Communal, place Cardinal Mercier, sous la conduite de Raymond Cerfontaine et de Jacques De Meurichy.<\/span><br \/>\n<span style=\"color: #3366ff;\">Tr\u00e8s peu de documents \u00e9crits, pas de R\u00e8glement ni de Statuts, ni licences ni transferts\u2026un championnat bas\u00e9 sur une franche amiti\u00e9 et le plaisir de se retrouver le samedi dans une atmosph\u00e8re sereine et respectueuse.<\/span><br \/>\n<span style=\"color: #3366ff;\">Lorsque Jean Vossen, nouvel \u00e9chevin des Sports \u00e9lu en 1976, avan\u00e7a l\u2019id\u00e9e de cr\u00e9er un comit\u00e9 central compl\u00e9t\u00e9 par 3 commissions, la n\u00e9cessaire r\u00e9daction de Statuts et d\u2019un R\u00e8glement d\u00e9taill\u00e9 apparut ainsi que le souhait de doter ce championnat amateur d\u2019un nom.<\/span><br \/>\n<span style=\"color: #3366ff;\">Les responsables de l\u2019\u00e9poque propos\u00e8rent C.O.C.M.E.S., abr\u00e9viation de Comit\u00e9 Organisateur du Championnat de Minifoot de l\u2019Echevin des Sports, nom qui sonnait bien et qui fut accept\u00e9 \u00e0 l\u2019unanimit\u00e9. La premi\u00e8re saison officielle du C.O.C.M.E.S. d\u00e9buta donc en septembre 1977.<\/span><br \/>\n<span style=\"color: #3366ff;\">C\u2019est donc comme membres du C.O.C.M.E.S. que certains dirigeants sportifs allaient s\u2019illustrer et poursuivre b\u00e9n\u00e9volement le d\u00e9veloppement de notre championnat actuel.<\/span><br \/>\n<span style=\"color: #3366ff;\">Citons parmi eux Michel Roels, Daniel Lenaerts, Henri Lippens et Philippe Steyaert.<\/span><br \/>\n<span style=\"color: #3366ff;\">Il ne faut surtout pas oublier la collaboration active de fonctionnaires du Service des Sports qui contribu\u00e8rent ann\u00e9e apr\u00e8s ann\u00e9e \u00e0 l\u2019\u00e9panouissement de ce championnat en se donnant corps et \u00e2me pour que vive et grandisse cette comp\u00e9tition.<\/span><br \/>\n<span style=\"color: #3366ff;\">Citons parmi eux Joseph Grietens, Bruno Van Schorisse et Th\u00e9o Bossuyt.<\/span><br \/>\n<span style=\"color: #3366ff;\">Le nombre de joueurs n\u2019a jamais cess\u00e9 de croitre depuis, ce qui a n\u00e9cessit\u00e9 moultes adaptations des divisions afin que chacun puisse \u00e9voluer dans son sport favori.<\/span><br \/>\n<span style=\"color: #3366ff;\">Il y eut dans les ann\u00e9es \u201880 quelques \u00e9quipes f\u00e9minines qui se structur\u00e8rent en petites divisions, sans grand espoir de p\u00e9rennit\u00e9.<\/span><br \/>\n<span style=\"color: #3366ff;\">Apr\u00e8s de nombreuses ann\u00e9es de discussions, un championnat Jeunes fut cr\u00e9\u00e9 en 1994, sous l\u2019\u00e9gide du nouvel \u00e9chevin des Sports, Benoit Gosselin. Il ne surv\u00e9cut qu\u2019une petite dizaine d\u2019ann\u00e9e, connut 2 divisions Jeunes et Juniors avant que ces joueurs n\u2019int\u00e8grent progressivement les divisions Seniors.<\/span><br \/>\n<span style=\"color: #3366ff;\">Petite r\u00e9volution en 2011\u00a0: l\u2019association de fait se mua en asbl C.O.C.M.E.S. Jette afin de se doter d\u2019une personnalit\u00e9 juridique et de nouveaux Statuts furent alors d\u00e9pos\u00e9s.<\/span><\/p>\n<p><strong><span style=\"color: #3366ff;\">Patrice Heuss<\/span><\/strong><\/p>\n","protected":false},"excerpt":{"rendered":"<p>LES 40 ANS DU C.O.C.M.E.S. JETTE Me r\u00e9f\u00e9rant aux articles \u00e9crits par Jacques De Meurichy et publi\u00e9s fin 1988 dans les n\u00b0 2 et 4 du mensuel \u00ab\u00a0Cocmes Jette\u00a0\u00bb qui deviendra un an plus tard le \u00ab\u00a0Cocmes Info\u00a0\u00bb, il est clair que les origines de notre championnat aujourd\u2019hui quarantenaire trouvent ses racines au sein de [&hellip;]<\/p>\n","protected":false},"author":1,"featured_media":0,"parent":0,"menu_order":0,"comment_status":"closed","ping_status":"closed","template":"","meta":{"footnotes":""},"_links":{"self":[{"href":"http:\/\/asbl-cocmes-jette.be\/index.php\/wp-json\/wp\/v2\/pages\/453"}],"collection":[{"href":"http:\/\/asbl-cocmes-jette.be\/index.php\/wp-json\/wp\/v2\/pages"}],"about":[{"href":"http:\/\/asbl-cocmes-jette.be\/index.php\/wp-json\/wp\/v2\/types\/page"}],"author":[{"embeddable":true,"href":"http:\/\/asbl-cocmes-jette.be\/index.php\/wp-json\/wp\/v2\/users\/1"}],"replies":[{"embeddable":true,"href":"http:\/\/asbl-cocmes-jette.be\/index.php\/wp-json\/wp\/v2\/comments?post=453"}],"version-history":[{"count":4,"href":"http:\/\/asbl-cocmes-jette.be\/index.php\/wp-json\/wp\/v2\/pages\/453\/revisions"}],"predecessor-version":[{"id":520,"href":"http:\/\/asbl-cocmes-jette.be\/index.php\/wp-json\/wp\/v2\/pages\/453\/revisions\/520"}],"wp:attachment":[{"href":"http:\/\/asbl-cocmes-jette.be\/index.php\/wp-json\/wp\/v2\/media?parent=453"}],"curies":[{"name":"wp","href":"https:\/\/api.w.org\/{rel}","templated":true}]}}